{"id":11,"date":"2024-05-08T15:49:20","date_gmt":"2024-05-08T15:49:20","guid":{"rendered":"https:\/\/whitehouse.ee\/fi\/%d0%ba%d0%be%d0%bd%d1%82%d0%b0%d0%ba%d1%82\/"},"modified":"2024-05-25T07:58:53","modified_gmt":"2024-05-25T07:58:53","slug":"kontakt","status":"publish","type":"page","link":"https:\/\/whitehouse.ee\/fi\/kontakt\/","title":{"rendered":"Ottaa yhteytt\u00e4"},"content":{"rendered":"\n<div class=\"wp-block-group alignfull has-background-background-color has-background has-global-padding is-layout-constrained wp-block-group-is-layout-constrained\" style=\"margin-top:0;margin-bottom:0;padding-top:0\">\n<figure class=\"wp-block-image alignwide ext-import\"><img loading=\"lazy\" decoding=\"async\" width=\"3704\" height=\"1204\" src=\"https:\/\/whitehouse.ee\/fi\/wp-content\/uploads\/2024\/05\/ees.png\" alt=\"\" class=\"wp-image-29\" srcset=\"https:\/\/whitehouse.ee\/fi\/wp-content\/uploads\/2024\/05\/ees.png 3704w, https:\/\/whitehouse.ee\/fi\/wp-content\/uploads\/2024\/05\/ees-300x98.png 300w, https:\/\/whitehouse.ee\/fi\/wp-content\/uploads\/2024\/05\/ees-1024x333.png 1024w, https:\/\/whitehouse.ee\/fi\/wp-content\/uploads\/2024\/05\/ees-768x250.png 768w, https:\/\/whitehouse.ee\/fi\/wp-content\/uploads\/2024\/05\/ees-1536x499.png 1536w, https:\/\/whitehouse.ee\/fi\/wp-content\/uploads\/2024\/05\/ees-2048x666.png 2048w\" sizes=\"auto, (max-width: 3704px) 100vw, 3704px\" \/><\/figure>\n<\/div>\n\n\n\n<div class=\"wp-block-group alignfull has-background-background-color has-background has-global-padding is-layout-constrained wp-container-core-group-is-layout-7276a2bb wp-block-group-is-layout-constrained\" style=\"margin-top:0;margin-bottom:0;padding-top:var(--wp--preset--spacing--60);padding-right:var(--wp--preset--spacing--30);padding-bottom:var(--wp--preset--spacing--60);padding-left:var(--wp--preset--spacing--30)\">\n<div class=\"wp-block-columns alignwide is-layout-flex wp-container-core-columns-is-layout-fa584acd wp-block-columns-is-layout-flex\">\n<div class=\"wp-block-column is-layout-flow wp-block-column-is-layout-flow\" style=\"flex-basis:50%\">\n<div class=\"wp-block-group is-layout-flow wp-block-group-is-layout-flow\">\n<iframe src=\"https:\/\/www.google.com\/maps\/embed?pb=!1m18!1m12!1m3!1d2097.736965027239!2d24.579554177940192!3d58.27973427412311!2m3!1f0!2f0!3f0!3m2!1i1024!2i768!4f13.1!3m3!1m2!1s0x46ecf9772ab946ab%3A0xf547f8aea4519247!2sLaadi%20tee%206%2C%20Uulu%2C%2086502%20P%C3%A4rnu%20maakond!5e0!3m2!1sru!2see!4v1715424962225!5m2!1sru!2see\" width=\"400\" height=\"300\" style=\"border:0;\" allowfullscreen=\"\" loading=\"lazy\" referrerpolicy=\"no-referrer-when-downgrade\"><\/iframe>\n<\/div>\n\n\n\n<hr class=\"wp-block-separator has-text-color has-tertiary-color has-alpha-channel-opacity has-tertiary-background-color has-background is-style-wide\"\/>\n<\/div>\n\n\n\n<div class=\"wp-block-column is-layout-flow wp-block-column-is-layout-flow\" style=\"flex-basis:50%\">\n<h3 class=\"wp-block-heading\">Yhteystietomme.<\/h3>\n\n\n\n<p><strong>Estonia,&nbsp;P\u00e4rnu<\/strong><\/p>\n\n\n\n<p style=\"margin-top:0\"><strong><strong>H\u00e4\u00e4demeeste vald,Uulu ,Laadi tee 6,86502<\/strong><\/strong><\/p>\n\n\n\n<p class=\"has-small-font-size\" style=\"margin-top:8px\">+372 580 50 480<\/p>\n\n\n\n<p class=\"has-small-font-size\" style=\"margin-top:8px\">info@whitehouse.ee<\/p>\n<\/div>\n<\/div>\n<\/div>\n","protected":false},"excerpt":{"rendered":"<p>Yhteystietomme. Estonia,&nbsp;P\u00e4rnu H\u00e4\u00e4demeeste vald,Uulu ,Laadi tee 6,86502 +372 580 50 480 info@whitehouse.ee<\/p>\n","protected":false},"author":1,"featured_media":0,"parent":0,"menu_order":0,"comment_status":"closed","ping_status":"closed","template":"no-title","meta":{"footnotes":""},"class_list":["post-11","page","type-page","status-publish","hentry"],"_links":{"self":[{"href":"https:\/\/whitehouse.ee\/fi\/wp-json\/wp\/v2\/pages\/11","targetHints":{"allow":["GET"]}}],"collection":[{"href":"https:\/\/whitehouse.ee\/fi\/wp-json\/wp\/v2\/pages"}],"about":[{"href":"https:\/\/whitehouse.ee\/fi\/wp-json\/wp\/v2\/types\/page"}],"author":[{"embeddable":true,"href":"https:\/\/whitehouse.ee\/fi\/wp-json\/wp\/v2\/users\/1"}],"replies":[{"embeddable":true,"href":"https:\/\/whitehouse.ee\/fi\/wp-json\/wp\/v2\/comments?post=11"}],"version-history":[{"count":14,"href":"https:\/\/whitehouse.ee\/fi\/wp-json\/wp\/v2\/pages\/11\/revisions"}],"predecessor-version":[{"id":282,"href":"https:\/\/whitehouse.ee\/fi\/wp-json\/wp\/v2\/pages\/11\/revisions\/282"}],"wp:attachment":[{"href":"https:\/\/whitehouse.ee\/fi\/wp-json\/wp\/v2\/media?parent=11"}],"curies":[{"name":"wp","href":"https:\/\/api.w.org\/{rel}","templated":true}]}}